{"id":32,"date":"2022-11-20T04:56:29","date_gmt":"2022-11-20T04:56:29","guid":{"rendered":"https:\/\/etter-gick.ch\/?page_id=32"},"modified":"2022-11-27T00:18:13","modified_gmt":"2022-11-27T00:18:13","slug":"uber-mich","status":"publish","type":"page","link":"https:\/\/etter-gick.ch\/index.php\/uber-mich\/","title":{"rendered":"\u00dcber Mich"},"content":{"rendered":"\n<div class=\"wp-block-cover alignfull is-light\" style=\"min-height:916px;aspect-ratio:unset;\"><span aria-hidden=\"true\" class=\"wp-block-cover__background has-background-dim\"><\/span><img loading=\"lazy\" decoding=\"async\" width=\"2560\" height=\"1744\" class=\"wp-block-cover__image-background wp-image-30\" alt=\"\" src=\"https:\/\/etter-gick.ch\/wp-content\/uploads\/2022\/11\/ceg_Velo-scaled.jpg\" data-object-fit=\"cover\" srcset=\"https:\/\/etter-gick.ch\/wp-content\/uploads\/2022\/11\/ceg_Velo-scaled.jpg 2560w, https:\/\/etter-gick.ch\/wp-content\/uploads\/2022\/11\/ceg_Velo-300x204.jpg 300w, https:\/\/etter-gick.ch\/wp-content\/uploads\/2022\/11\/ceg_Velo-1024x697.jpg 1024w, https:\/\/etter-gick.ch\/wp-content\/uploads\/2022\/11\/ceg_Velo-768x523.jpg 768w, https:\/\/etter-gick.ch\/wp-content\/uploads\/2022\/11\/ceg_Velo-1536x1046.jpg 1536w, https:\/\/etter-gick.ch\/wp-content\/uploads\/2022\/11\/ceg_Velo-2048x1395.jpg 2048w\" sizes=\"auto, (max-width: 2560px) 100vw, 2560px\" \/><div class=\"wp-block-cover__inner-container is-layout-flow wp-block-cover-is-layout-flow\">\n<h2 class=\"has-text-align-center has-background-color has-text-color wp-block-heading\">\u00dcber mich<\/h2>\n<\/div><\/div>\n\n\n\n<div class=\"wp-block-group alignwide is-layout-flow wp-block-group-is-layout-flow\">\n<p class=\"has-link-color wp-elements-45bc3142ec00df47cbca40924dff4ac0\"><br><strong><mark style=\"background-color:rgba(0, 0, 0, 0);color:#00b7eb\" class=\"has-inline-color\">Carola als Politikerin<\/mark><\/strong><br><\/p>\n\n\n\n<p class=\"has-link-color wp-elements-36f094b63174a4559b372ed21c40f9c0\">Seit 2003, als ich das Pr\u00e4sidium der Jungfreisinnigen Winterthur \u00fcbernahm, engagiere ich mich auf allen f\u00f6deralen Ebenen f\u00fcr eine liberale Wirtschafts- und Gesellschaftsordnung. Einige Stationen meines Engagements:<\/p>\n\n\n\n<p class=\"has-link-color wp-elements-a872b6541ec608d7c4df10439b4c0f72\">2002 bis 2005: Vizepr\u00e4sidentin \/ Pr\u00e4sidentin Jungfreisinnige Winterthur<\/p>\n\n\n\n<p class=\"has-link-color wp-elements-8dc9e4c2a848fc465a5f532dd38a18ca\">2003 bis 2007: Gesch\u00e4ftsleitung FDP Winterthur<\/p>\n\n\n\n<p class=\"has-link-color wp-elements-925e23ebcc4d7034750a262832d0d460\">2009 bis 2011: Politische Sekret\u00e4rin bei der FDP Schweiz (wissenschaftliche Mitarbeiterin f\u00fcr die Bundeshausfraktion, vollberuflich)<\/p>\n\n\n\n<p class=\"has-link-color wp-elements-4025a111cb14f47109e79e2353b12959\">seit 2012: Vizepr\u00e4sidentin <a href=\"https:\/\/www.fdp-winterthur.ch\/willkommen\" data-type=\"URL\" data-id=\"https:\/\/www.fdp-winterthur.ch\/willkommen\">FDP Winterthur<\/a><\/p>\n\n\n\n<p class=\"has-link-color wp-elements-9a63c2e242ceae6eced013cef7b611c1\">2012 bis 2016: Vorstand FDP Kanton Z\u00fcrich und Vorstand FDP Frauen Kanton Z\u00fcrich<\/p>\n\n\n\n<p class=\"has-link-color wp-elements-775b6f90479dfbf9de8d555aab71daf4\">2018 bis 2019: Stadtparlamentarierin und Vorstandsmitglied des \u00abHouse of Winterthur\u00bb (als eine von zwei gemeinder\u00e4tlichen Vertreterinnen)<\/p>\n\n\n\n<p class=\"has-link-color wp-elements-802dbdf2de2a1db5902a2fd7c7a0f7d2\">Seit Mai 2019: Kantonsr\u00e4tin, Mitglied der AWU<\/p>\n\n\n\n<p class=\"has-link-color wp-elements-81bb5b528352930e70a124e65c1ea54b\">Seit Juli 2021: Mitglied der <a href=\"https:\/\/www.kbw.ch\/schulkommission\" data-type=\"URL\" data-id=\"https:\/\/www.kbw.ch\/schulkommission\">Schulkommission<\/a> der Kantonsschule B\u00fcelrain Winterthur KBW<br><br><\/p>\n\n\n\n<p class=\"has-link-color wp-elements-bbb5f3b69bafceeecd52a0d55d75b03c\"><strong><mark style=\"background-color:rgba(0, 0, 0, 0);color:#00b7eb\" class=\"has-inline-color\">Carola als Familienmensch<\/mark><\/strong><\/p>\n\n\n\n<p class=\"has-link-color wp-elements-ae9dd173175b2551cb8bde997a0dd4b6\">Aufgewachsen in einem Elternhaus in Winterthur-Seen, in welchem die Politik seit jeher eine grosse Rolle spielte, gebe ich diese Werte heute den eigenen Kindern weiter. Mit meinem Mann und unseren T\u00f6chtern (2013 und 2015) lebe ich in Winterthur-Veltheim. Die M\u00e4dchen sind bereits breit interessiert, am Familientisch diskutieren wir oft \u00fcber Aktuelles. In der Freizeit gehen wir vielf\u00e4ltigen Hobbies nach und sind stark ins Vereinsleben der M\u00e4dchen involviert, und auch die Quartiergemeinschaft ist uns wichtig. Als Familie verbringen wir viel Zeit in den Bergen \u2013 im Winter auf der Skipiste und im Sommer beim Wandern und Biken.\u00a3<br><br><\/p>\n\n\n\n<p class=\"has-link-color wp-elements-c5f9cbe95fd402675109d1134768a3d2\"><strong><mark style=\"background-color:rgba(0, 0, 0, 0);color:#00b7eb\" class=\"has-inline-color\">Carola als Kommunikationsleiterin<\/mark><\/strong><\/p>\n\n\n\n<p class=\"has-link-color wp-elements-941553df8d076b702587bc686e6fbcb2\">Mein Beruf \u2013 meine Leidenschaft: Seit September 2021 leite ich den Fachbereich Kommunikation des SIA Schweizerischer Ingenieur- und Architektenverein. Zusammen mit meinem zehnk\u00f6pfigen Team gestalte ich die Verbandskommunikation und kann meine Interessen f\u00fcr Politik, Community Building, Storytelling und Kommunikationskan\u00e4le ideal verbinden. Denn Public Affairs f\u00e4llt ebenso in meinen Verantwortungsbereich wie die Kommunikation gegen\u00fcber unseren Mitgliedern und unseren Gremien.<br><br><\/p>\n<\/div>\n\n\n\n<div class=\"wp-block-group alignfull has-background-color has-text-color has-background has-link-color wp-elements-d607c05c433abceb2e1885f5ae6531cb is-layout-constrained wp-block-group-is-layout-constrained\" style=\"background-color:#0e52a0\">\n<div class=\"wp-block-group alignwide is-content-justification-space-between is-layout-flex wp-container-core-group-is-layout-37312ec6 wp-block-group-is-layout-flex\" style=\"padding-top:4rem;padding-bottom:4rem\">\n<div class=\"wp-block-group is-layout-flow wp-block-group-is-layout-flow\">\n<p class=\"has-large-font-size\"><a href=\"https:\/\/etter-gick.ch\/\" data-type=\"URL\" data-id=\"https:\/\/etter-gick.ch\/\">Etter-Gick<\/a><\/p>\n\n\n\n<p class=\"has-small-font-size\"><a href=\"https:\/\/www.kantonsrat.zh.ch\/mitglieder\/mitglied\/?id=985469e9c8414f5c89419fc28bc1fdb2\" data-type=\"URL\" data-id=\"https:\/\/www.kantonsrat.zh.ch\/mitglieder\/mitglied\/?id=985469e9c8414f5c89419fc28bc1fdb2\" target=\"_blank\" rel=\"noreferrer noopener\">Kantonsr\u00e4tin<\/a><\/p>\n<\/div>\n\n\n\n<ul class=\"wp-block-social-links has-icon-background-color is-style-default is-content-justification-right is-layout-flex wp-container-core-social-links-is-layout-d445cf74 wp-block-social-links-is-layout-flex\"><li style=\"background-color:#105db5;\" class=\"wp-social-link wp-social-link-facebook  wp-block-social-link\"><a href=\"https:\/\/www.facebook.com\/etter.gick.fdp\" class=\"wp-block-social-link-anchor\"><svg width=\"24\" height=\"24\" viewBox=\"0 0 24 24\" version=\"1.1\" xmlns=\"http:\/\/www.w3.org\/2000\/svg\" aria-hidden=\"true\" focusable=\"false\"><path d=\"M12 2C6.5 2 2 6.5 2 12c0 5 3.7 9.1 8.4 9.9v-7H7.9V12h2.5V9.8c0-2.5 1.5-3.9 3.8-3.9 1.1 0 2.2.2 2.2.2v2.5h-1.3c-1.2 0-1.6.8-1.6 1.6V12h2.8l-.4 2.9h-2.3v7C18.3 21.1 22 17 22 12c0-5.5-4.5-10-10-10z\"><\/path><\/svg><span class=\"wp-block-social-link-label screen-reader-text\">Facebook<\/span><\/a><\/li>\n\n<li style=\"background-color:#105db5;\" class=\"wp-social-link wp-social-link-linkedin  wp-block-social-link\"><a href=\"https:\/\/www.linkedin.com\/in\/carola-etter-gick-a53b54195\/\" class=\"wp-block-social-link-anchor\"><svg width=\"24\" height=\"24\" viewBox=\"0 0 24 24\" version=\"1.1\" xmlns=\"http:\/\/www.w3.org\/2000\/svg\" aria-hidden=\"true\" focusable=\"false\"><path d=\"M19.7,3H4.3C3.582,3,3,3.582,3,4.3v15.4C3,20.418,3.582,21,4.3,21h15.4c0.718,0,1.3-0.582,1.3-1.3V4.3 C21,3.582,20.418,3,19.7,3z M8.339,18.338H5.667v-8.59h2.672V18.338z M7.004,8.574c-0.857,0-1.549-0.694-1.549-1.548 c0-0.855,0.691-1.548,1.549-1.548c0.854,0,1.547,0.694,1.547,1.548C8.551,7.881,7.858,8.574,7.004,8.574z M18.339,18.338h-2.669 v-4.177c0-0.996-0.017-2.278-1.387-2.278c-1.389,0-1.601,1.086-1.601,2.206v4.249h-2.667v-8.59h2.559v1.174h0.037 c0.356-0.675,1.227-1.387,2.526-1.387c2.703,0,3.203,1.779,3.203,4.092V18.338z\"><\/path><\/svg><span class=\"wp-block-social-link-label screen-reader-text\">LinkedIn<\/span><\/a><\/li><\/ul>\n<\/div>\n<\/div>\n","protected":false},"excerpt":{"rendered":"<p>Carola als Politikerin Seit 2003, als ich das Pr\u00e4sidium der Jungfreisinnigen Winterthur \u00fcbernahm, engagiere ich mich auf allen f\u00f6deralen Ebenen f\u00fcr eine liberale Wirtschafts- und Gesellschaftsordnung. Einige Stationen meines Engagements: 2002 bis 2005: Vizepr\u00e4sidentin \/ Pr\u00e4sidentin Jungfreisinnige Winterthur 2003 bis 2007: Gesch\u00e4ftsleitung FDP Winterthur 2009 bis 2011: Politische Sekret\u00e4rin bei der FDP Schweiz (wissenschaftliche Mitarbeiterin [&hellip;]<\/p>\n","protected":false},"author":1,"featured_media":0,"parent":0,"menu_order":0,"comment_status":"closed","ping_status":"closed","template":"blank","meta":{"footnotes":""},"class_list":["post-32","page","type-page","status-publish","hentry"],"_links":{"self":[{"href":"https:\/\/etter-gick.ch\/index.php\/wp-json\/wp\/v2\/pages\/32","targetHints":{"allow":["GET"]}}],"collection":[{"href":"https:\/\/etter-gick.ch\/index.php\/wp-json\/wp\/v2\/pages"}],"about":[{"href":"https:\/\/etter-gick.ch\/index.php\/wp-json\/wp\/v2\/types\/page"}],"author":[{"embeddable":true,"href":"https:\/\/etter-gick.ch\/index.php\/wp-json\/wp\/v2\/users\/1"}],"replies":[{"embeddable":true,"href":"https:\/\/etter-gick.ch\/index.php\/wp-json\/wp\/v2\/comments?post=32"}],"version-history":[{"count":18,"href":"https:\/\/etter-gick.ch\/index.php\/wp-json\/wp\/v2\/pages\/32\/revisions"}],"predecessor-version":[{"id":124,"href":"https:\/\/etter-gick.ch\/index.php\/wp-json\/wp\/v2\/pages\/32\/revisions\/124"}],"wp:attachment":[{"href":"https:\/\/etter-gick.ch\/index.php\/wp-json\/wp\/v2\/media?parent=32"}],"curies":[{"name":"wp","href":"https:\/\/api.w.org\/{rel}","templated":true}]}}